{"id":7234,"date":"2018-03-03T12:39:41","date_gmt":"2018-03-03T11:39:41","guid":{"rendered":"https:\/\/www.skischule-mali.at\/skipaesse\/"},"modified":"2022-05-01T15:12:18","modified_gmt":"2022-05-01T13:12:18","slug":"skipassen","status":"publish","type":"page","link":"https:\/\/www.schischule-oetz.at\/nl\/skipassen\/","title":{"rendered":"Skipassen"},"content":{"rendered":"<section class=\"l-section wpb_row height_large color_primary with_img parallax_hor bgwidth_120\"><div class=\"l-section-img\" style=\"background-image: url(https:\/\/www.schischule-oetz.at\/wp-content\/uploads\/2018\/03\/header-skipaesse.jpg);\" data-img-width=\"2280\" data-img-height=\"1030\"><\/div><div class=\"l-section-overlay\" style=\"background:rgba(30,30,30,0.75)\"><\/div><div class=\"l-section-h i-cf\"><div class=\"g-cols vc_row via_flex valign_top type_default stacking_default\"><div class=\"vc_col-sm-12 wpb_column vc_column_container\"><div class=\"vc_column-inner\"><div class=\"wpb_wrapper\">[vc_custom_heading text=&#8221;<strong>Skipassen<\/strong> voor Hochoetz \/ K\u00fchtai<br \/>\n<strong>Oetztal Super Skipassen<\/strong> met S\u00f6lden &amp; Obergurgl&#8221; font_container=&#8221;tag:h1|font_size:60|text_align:center&#8221; use_theme_fonts=&#8221;yes&#8221; css=&#8221;%7B%22default%22%3A%7B%22font-size%22%3A%2260%22%7D%7D&#8221;]<div class=\"w-iconbox iconpos_top style_default color_custom align_center no_title no_text\"><a href=\"#skipass\" class=\"w-iconbox-link\" aria-label=\"fas|chevron-down\"><div class=\"w-iconbox-icon\" style=\"font-size:2rem;color:#ffffff;\"><i class=\"fas fa-chevron-down\"><\/i><\/div><\/a><div class=\"w-iconbox-meta\"><\/div><\/div><div class=\"w-separator size_medium\"><\/div><\/div><\/div><\/div><\/div><\/div><\/section><section class=\"l-section wpb_row height_medium\" id=\"skipass\"><div class=\"l-section-h i-cf\"><div class=\"g-cols vc_row via_flex valign_top type_default stacking_default\"><div class=\"vc_col-sm-12 wpb_column vc_column_container\"><div class=\"vc_column-inner\"><div class=\"wpb_wrapper\"><div class=\"g-cols wpb_row via_flex valign_top type_default stacking_default\"><div class=\"vc_col-sm-4 wpb_column vc_column_container\"><div class=\"vc_column-inner\"><div class=\"wpb_wrapper\"><div class=\"wpb_text_column\"><div class=\"wpb_wrapper\"><h5><span style=\"color: #3366ff;\">SKIREGIO Oetz &#8211; Hochoetz &#8211; K\u00fchtai<\/span><b><\/b><\/h5>\n<p>Hier bij ons in Hochoetz \/ K\u00fchtai nodigen 41 kilometers perfect geprepareerde piste u dagelijks uit voor een dag carving-, snowboard- of skiplezier. Hier vindt iedereen een geschikte afdaling. 35 sneeuwkanonnen zorgen voor een absolute sneeuwgarantie.<\/p>\n<\/div><\/div><\/div><\/div><\/div><div class=\"vc_col-sm-4 wpb_column vc_column_container\"><div class=\"vc_column-inner\"><div class=\"wpb_wrapper\"><div class=\"wpb_text_column\"><div class=\"wpb_wrapper\"><h5><span style=\"color: #3366ff;\">\u00d6TZTAL\u00a0SUPER Skipass<\/span><\/h5>\n<p>Wie nog meer afwisseling wenst, koopt simpelweg de \u00d6tztal Powder Card; geldig in Hochoetz-K\u00fchtai, S\u00f6lden, Obergurgl-Hochgurgl, Vent, Niederthai en Gries. A la carte pistenplezier in het hele dal gegarandeerd.<\/p>\n<\/div><\/div><\/div><\/div><\/div><div class=\"vc_col-sm-4 wpb_column vc_column_container\"><div class=\"vc_column-inner\"><div class=\"wpb_wrapper\"><div class=\"wpb_text_column\"><div class=\"wpb_wrapper\"><h5><span style=\"color: #3366ff;\">Skipassen online boeken!<\/span><\/h5>\n<p>Skischool Mali biedt u de \u201eweg uit de waan van alledag service\u201d, waarmee u gemakkelijk van thuis uit uw benodigde skipassen vooruit kunt bestellen. De skipassen zijn natuurlijk ook rechtstreeks in ons skischoolbureau in Oetz bij onze skipaskassa aan te schaffen.<\/p>\n<\/div><\/div><\/div><\/div><\/div><\/div><\/div><\/div><\/div><\/div><\/div><\/section><section class=\"l-section wpb_row height_medium with_img\"><div class=\"l-section-img\" style=\"background-image: url(https:\/\/www.schischule-oetz.at\/wp-content\/uploads\/2018\/03\/header-skipaesse.jpg);background-repeat: no-repeat;\" data-img-width=\"2280\" data-img-height=\"1030\"><\/div><div class=\"l-section-overlay\" style=\"background:rgba(0,0,0,0.49)\"><\/div><div class=\"l-section-h i-cf\"><div class=\"g-cols vc_row via_flex valign_top type_default stacking_default\"><div class=\"vc_col-sm-12 wpb_column vc_column_container\"><div class=\"vc_column-inner\"><div class=\"wpb_wrapper\">[vc_custom_heading text=&#8221;Prijslijst Skipassen &#8211; voor Hochoetz &amp; K\u00fchtai&#8221; font_container=&#8221;tag:h3|font_size:28|text_align:center|color:%23ffffff&#8221; use_theme_fonts=&#8221;yes&#8221; css=&#8221;%7B%22default%22%3A%7B%22color%22%3A%22%23ffffff%22%2C%22font-size%22%3A%2228%22%7D%7D&#8221;]<div class=\"wpb_text_column\"><div class=\"wpb_wrapper\"><p style=\"text-align: center;\">Prijs geldig van 17.12.2022 tot 15.04.2023<\/p>\n<\/div><\/div><div class=\"w-separator size_medium\"><\/div><div class=\"w-pricing style_simple items_4\"><div class=\"w-pricing-item type_default\"><div class=\"w-pricing-item-h\"><div class=\"w-pricing-item-header\"><div class=\"w-pricing-item-title\">Volwassenen<\/div><div class=\"w-pricing-item-price\"><small>-<\/small><\/div><\/div><ul class=\"w-pricing-item-features\"><li class=\"w-pricing-item-feature\">1 dag: 48,00\u20ac<\/li><li class=\"w-pricing-item-feature\">2 dagen: 94,00\u20ac<\/li><li class=\"w-pricing-item-feature\">3 dagen: 140,00\u20ac<\/li><li class=\"w-pricing-item-feature\">4 dagen: 181,00\u20ac<\/li><li class=\"w-pricing-item-feature\">5 dagen: 219,00\u20ac<\/li><li class=\"w-pricing-item-feature\">6 dagen: 254,00\u20ac<\/li><li class=\"w-pricing-item-feature\">7 dagen: 287,00\u20ac<\/li><li class=\"w-pricing-item-feature\">8 dagen: 320,00\u20ac<\/li><li class=\"w-pricing-item-feature\">andere dagen op aanvraag<\/li><\/ul><\/div><\/div><div class=\"w-pricing-item type_default\"><div class=\"w-pricing-item-h\"><div class=\"w-pricing-item-header\"><div class=\"w-pricing-item-title\">Jeugd<\/div><div class=\"w-pricing-item-price\"><small>Jahrgang 2003-2007<\/small><\/div><\/div><ul class=\"w-pricing-item-features\"><li class=\"w-pricing-item-feature\">1 dag: 38,40\u20ac<\/li><li class=\"w-pricing-item-feature\">2 dagen: 75,00\u20ac<\/li><li class=\"w-pricing-item-feature\">3 dagen: 112,00\u20ac<\/li><li class=\"w-pricing-item-feature\">4 dagen: 144,50\u20ac<\/li><li class=\"w-pricing-item-feature\">5 dagen: 175,00\u20ac<\/li><li class=\"w-pricing-item-feature\">6 dagen: 203,00\u20ac<\/li><li class=\"w-pricing-item-feature\">7 dagen: 229,50\u20ac<\/li><li class=\"w-pricing-item-feature\">8 dagen: 256,00\u20ac<\/li><li class=\"w-pricing-item-feature\">andere dagen op aanvraag<\/li><\/ul><\/div><\/div><div class=\"w-pricing-item type_default\"><div class=\"w-pricing-item-h\"><div class=\"w-pricing-item-header\"><div class=\"w-pricing-item-title\">Kinderen<\/div><div class=\"w-pricing-item-price\"><small>Jahrgang 2008-2014<\/small><\/div><\/div><ul class=\"w-pricing-item-features\"><li class=\"w-pricing-item-feature\">1 dag: 26,40\u20ac<\/li><li class=\"w-pricing-item-feature\">2 dagen: 51,50\u20ac<\/li><li class=\"w-pricing-item-feature\">3 dagen: 77,00\u20ac<\/li><li class=\"w-pricing-item-feature\">4 dagen: 99,50\u20ac<\/li><li class=\"w-pricing-item-feature\">5 dagen: 120,50\u20ac<\/li><li class=\"w-pricing-item-feature\">6 dagen: 139,50\u20ac<\/li><li class=\"w-pricing-item-feature\">7 dagen: 157,50\u20ac<\/li><li class=\"w-pricing-item-feature\">8 dagen: 176,00\u20ac<\/li><li class=\"w-pricing-item-feature\">andere dagen op aanvraag<\/li><\/ul><\/div><\/div><div class=\"w-pricing-item type_default\"><div class=\"w-pricing-item-h\"><div class=\"w-pricing-item-header\"><div class=\"w-pricing-item-title\">Senior<\/div><div class=\"w-pricing-item-price\"><small>inkl. Jahrgang 1958<\/small><\/div><\/div><ul class=\"w-pricing-item-features\"><li class=\"w-pricing-item-feature\">1 dag: 43,00\u20ac<\/li><li class=\"w-pricing-item-feature\">2 dagen: 84,50\u20ac<\/li><li class=\"w-pricing-item-feature\">3 dagen: 126,00\u20ac<\/li><li class=\"w-pricing-item-feature\">4 dagen: 163,00\u20ac<\/li><li class=\"w-pricing-item-feature\">5 dagen: 197,00\u20ac<\/li><li class=\"w-pricing-item-feature\">6 dagen: 228,50\u20ac<\/li><li class=\"w-pricing-item-feature\">7 dagen: 258,00\u20ac<\/li><li class=\"w-pricing-item-feature\">8 dagen: 288,00\u20ac<\/li><li class=\"w-pricing-item-feature\">andere dagen op aanvraag<\/li><\/ul><\/div><\/div><\/div><div class=\"w-separator size_small\"><\/div><div class=\"wpb_text_column\"><div class=\"wpb_wrapper\"><p style=\"text-align: center;\"><span style=\"color: #ffffff;\"><strong>Snow-Kids bis inkl. Jg 2015 sind kostenlos<\/strong> &#8211; Es wird jedoch ein kostenloser Skipass ben\u00f6tigt!<\/span><\/p>\n<\/div><\/div><\/div><\/div><\/div><div class=\"vc_col-sm-12 wpb_column vc_column_container\"><div class=\"vc_column-inner\"><div class=\"wpb_wrapper\"><\/div><\/div><\/div><\/div><\/div><\/section><section class=\"l-section wpb_row height_medium\"><div class=\"l-section-h i-cf\"><div class=\"g-cols vc_row via_flex valign_top type_default stacking_default\"><div class=\"vc_col-sm-12 wpb_column vc_column_container\"><div class=\"vc_column-inner\"><div class=\"wpb_wrapper\"><div class=\"g-cols wpb_row via_flex valign_top type_default stacking_default\"><div class=\"vc_col-sm-6 wpb_column vc_column_container\"><div class=\"vc_column-inner\"><div class=\"wpb_wrapper\"><div class=\"wpb_text_column\"><div class=\"wpb_wrapper\"><h5><span style=\"color: #3366ff;\">Informatie met de liftpassen &#8211; skitickets<\/span><\/h5>\n<p>Eenmaal uitgegeven skipassen en dagkaarten kunnen niet geretourneerd worden en zijn niet overdraagbaar!<br \/>\n<b>Elk misbruik resulteert in de onmiddellijke blokkering van deze passen!<\/b><\/p>\n<\/div><\/div><\/div><\/div><\/div><div class=\"vc_col-sm-6 wpb_column vc_column_container\"><div class=\"vc_column-inner\"><div class=\"wpb_wrapper\"><div class=\"wpb_text_column\"><div class=\"wpb_wrapper\"><h5><span style=\"color: #3366ff;\">Reducties<\/span><\/h5>\n<p>Wij vragen om uw begrip voor het feit dat kinder-, jeugd- en seniorenkortingen alleen gegeven kunnen worden op vertoon van een geldig legitimatiebewijs!<\/p>\n<\/div><\/div><\/div><\/div><\/div><\/div><\/div><\/div><\/div><\/div><\/div><\/section>\n","protected":false},"excerpt":{"rendered":"[vc_custom_heading text=\"Skipassen voor Hochoetz \/ K\u00fchtai Oetztal Super Skipassen met S\u00f6lden &amp; Obergurgl\" font_container=\"tag:h1|font_size:60|text_align:center\" use_theme_fonts=\"yes\" css=\"%7B%22default%22%3A%7B%22font-size%22%3A%2260%22%7D%7D\"]SKIREGIO Oetz &#8211; Hochoetz &#8211; K\u00fchtai Hier bij ons in Hochoetz \/ K\u00fchtai nodigen 41 kilometers perfect geprepareerde piste u dagelijks uit voor een dag carving-, snowboard- of skiplezier. Hier vindt iedereen een geschikte afdaling. 35 sneeuwkanonnen zorgen voor een...","protected":false},"author":1,"featured_media":0,"parent":0,"menu_order":2,"comment_status":"closed","ping_status":"closed","template":"","meta":[],"yoast_head":"<!-- This site is optimized with the Yoast SEO plugin v19.5.1 - https:\/\/yoast.com\/wordpress\/plugins\/seo\/ -->\n<title>Skipassen - SKISCHULE MALI - Oetz Hochoetz<\/title>\n<meta name=\"robots\" content=\"index, follow, max-snippet:-1, max-image-preview:large, max-video-preview:-1\" \/>\n<link rel=\"canonical\" href=\"https:\/\/www.schischule-oetz.at\/nl\/skipassen\/\" \/>\n<meta property=\"og:locale\" content=\"nl_NL\" \/>\n<meta property=\"og:type\" content=\"article\" \/>\n<meta property=\"og:title\" content=\"Skipassen - SKISCHULE MALI - Oetz Hochoetz\" \/>\n<meta property=\"og:url\" content=\"https:\/\/www.schischule-oetz.at\/nl\/skipassen\/\" \/>\n<meta property=\"og:site_name\" content=\"SKISCHULE MALI - Oetz Hochoetz\" \/>\n<meta property=\"article:modified_time\" content=\"2022-05-01T13:12:18+00:00\" \/>\n<meta name=\"twitter:card\" content=\"summary_large_image\" \/>\n<meta name=\"twitter:label1\" content=\"Geschatte leestijd\" \/>\n\t<meta name=\"twitter:data1\" content=\"2 minuten\" \/>\n<script type=\"application\/ld+json\" class=\"yoast-schema-graph\">{\"@context\":\"https:\/\/schema.org\",\"@graph\":[{\"@type\":\"WebPage\",\"@id\":\"https:\/\/www.schischule-oetz.at\/nl\/skipassen\/\",\"url\":\"https:\/\/www.schischule-oetz.at\/nl\/skipassen\/\",\"name\":\"Skipassen - SKISCHULE MALI - Oetz Hochoetz\",\"isPartOf\":{\"@id\":\"https:\/\/www.schischule-oetz.at\/#website\"},\"datePublished\":\"2018-03-03T11:39:41+00:00\",\"dateModified\":\"2022-05-01T13:12:18+00:00\",\"breadcrumb\":{\"@id\":\"https:\/\/www.schischule-oetz.at\/nl\/skipassen\/#breadcrumb\"},\"inLanguage\":\"nl\",\"potentialAction\":[{\"@type\":\"ReadAction\",\"target\":[\"https:\/\/www.schischule-oetz.at\/nl\/skipassen\/\"]}]},{\"@type\":\"BreadcrumbList\",\"@id\":\"https:\/\/www.schischule-oetz.at\/nl\/skipassen\/#breadcrumb\",\"itemListElement\":[{\"@type\":\"ListItem\",\"position\":1,\"name\":\"Startseite\",\"item\":\"https:\/\/www.schischule-oetz.at\/nl\/\"},{\"@type\":\"ListItem\",\"position\":2,\"name\":\"Skipassen\"}]},{\"@type\":\"WebSite\",\"@id\":\"https:\/\/www.schischule-oetz.at\/#website\",\"url\":\"https:\/\/www.schischule-oetz.at\/\",\"name\":\"SKISCHULE MALI - Oetz Hochoetz\",\"description\":\"Die Skischule in in Oetz\",\"publisher\":{\"@id\":\"https:\/\/www.schischule-oetz.at\/#organization\"},\"potentialAction\":[{\"@type\":\"SearchAction\",\"target\":{\"@type\":\"EntryPoint\",\"urlTemplate\":\"https:\/\/www.schischule-oetz.at\/?s={search_term_string}\"},\"query-input\":\"required name=search_term_string\"}],\"inLanguage\":\"nl\"},{\"@type\":\"Organization\",\"@id\":\"https:\/\/www.schischule-oetz.at\/#organization\",\"name\":\"Skischule MALI\",\"url\":\"https:\/\/www.schischule-oetz.at\/\",\"sameAs\":[],\"logo\":{\"@type\":\"ImageObject\",\"inLanguage\":\"nl\",\"@id\":\"https:\/\/www.schischule-oetz.at\/#\/schema\/logo\/image\/\",\"url\":\"https:\/\/www.skischule-mali.at\/wp-content\/uploads\/2018\/02\/logo_winter.jpg\",\"contentUrl\":\"https:\/\/www.skischule-mali.at\/wp-content\/uploads\/2018\/02\/logo_winter.jpg\",\"width\":445,\"height\":200,\"caption\":\"Skischule MALI\"},\"image\":{\"@id\":\"https:\/\/www.schischule-oetz.at\/#\/schema\/logo\/image\/\"}}]}<\/script>\n<!-- \/ Yoast SEO plugin. -->","yoast_head_json":{"title":"Skipassen - SKISCHULE MALI - Oetz Hochoetz","robots":{"index":"index","follow":"follow","max-snippet":"max-snippet:-1","max-image-preview":"max-image-preview:large","max-video-preview":"max-video-preview:-1"},"canonical":"https:\/\/www.schischule-oetz.at\/nl\/skipassen\/","og_locale":"nl_NL","og_type":"article","og_title":"Skipassen - SKISCHULE MALI - Oetz Hochoetz","og_url":"https:\/\/www.schischule-oetz.at\/nl\/skipassen\/","og_site_name":"SKISCHULE MALI - Oetz Hochoetz","article_modified_time":"2022-05-01T13:12:18+00:00","twitter_card":"summary_large_image","twitter_misc":{"Geschatte leestijd":"2 minuten"},"schema":{"@context":"https:\/\/schema.org","@graph":[{"@type":"WebPage","@id":"https:\/\/www.schischule-oetz.at\/nl\/skipassen\/","url":"https:\/\/www.schischule-oetz.at\/nl\/skipassen\/","name":"Skipassen - SKISCHULE MALI - Oetz Hochoetz","isPartOf":{"@id":"https:\/\/www.schischule-oetz.at\/#website"},"datePublished":"2018-03-03T11:39:41+00:00","dateModified":"2022-05-01T13:12:18+00:00","breadcrumb":{"@id":"https:\/\/www.schischule-oetz.at\/nl\/skipassen\/#breadcrumb"},"inLanguage":"nl","potentialAction":[{"@type":"ReadAction","target":["https:\/\/www.schischule-oetz.at\/nl\/skipassen\/"]}]},{"@type":"BreadcrumbList","@id":"https:\/\/www.schischule-oetz.at\/nl\/skipassen\/#breadcrumb","itemListElement":[{"@type":"ListItem","position":1,"name":"Startseite","item":"https:\/\/www.schischule-oetz.at\/nl\/"},{"@type":"ListItem","position":2,"name":"Skipassen"}]},{"@type":"WebSite","@id":"https:\/\/www.schischule-oetz.at\/#website","url":"https:\/\/www.schischule-oetz.at\/","name":"SKISCHULE MALI - Oetz Hochoetz","description":"Die Skischule in in Oetz","publisher":{"@id":"https:\/\/www.schischule-oetz.at\/#organization"},"potentialAction":[{"@type":"SearchAction","target":{"@type":"EntryPoint","urlTemplate":"https:\/\/www.schischule-oetz.at\/?s={search_term_string}"},"query-input":"required name=search_term_string"}],"inLanguage":"nl"},{"@type":"Organization","@id":"https:\/\/www.schischule-oetz.at\/#organization","name":"Skischule MALI","url":"https:\/\/www.schischule-oetz.at\/","sameAs":[],"logo":{"@type":"ImageObject","inLanguage":"nl","@id":"https:\/\/www.schischule-oetz.at\/#\/schema\/logo\/image\/","url":"https:\/\/www.skischule-mali.at\/wp-content\/uploads\/2018\/02\/logo_winter.jpg","contentUrl":"https:\/\/www.skischule-mali.at\/wp-content\/uploads\/2018\/02\/logo_winter.jpg","width":445,"height":200,"caption":"Skischule MALI"},"image":{"@id":"https:\/\/www.schischule-oetz.at\/#\/schema\/logo\/image\/"}}]}},"_links":{"self":[{"href":"https:\/\/www.schischule-oetz.at\/nl\/wp-json\/wp\/v2\/pages\/7234"}],"collection":[{"href":"https:\/\/www.schischule-oetz.at\/nl\/wp-json\/wp\/v2\/pages"}],"about":[{"href":"https:\/\/www.schischule-oetz.at\/nl\/wp-json\/wp\/v2\/types\/page"}],"author":[{"embeddable":true,"href":"https:\/\/www.schischule-oetz.at\/nl\/wp-json\/wp\/v2\/users\/1"}],"replies":[{"embeddable":true,"href":"https:\/\/www.schischule-oetz.at\/nl\/wp-json\/wp\/v2\/comments?post=7234"}],"version-history":[{"count":13,"href":"https:\/\/www.schischule-oetz.at\/nl\/wp-json\/wp\/v2\/pages\/7234\/revisions"}],"predecessor-version":[{"id":10132,"href":"https:\/\/www.schischule-oetz.at\/nl\/wp-json\/wp\/v2\/pages\/7234\/revisions\/10132"}],"wp:attachment":[{"href":"https:\/\/www.schischule-oetz.at\/nl\/wp-json\/wp\/v2\/media?parent=7234"}],"curies":[{"name":"wp","href":"https:\/\/api.w.org\/{rel}","templated":true}]}}